{"id":536,"date":"2018-12-17T09:30:01","date_gmt":"2018-12-17T08:30:01","guid":{"rendered":"https:\/\/www.corradin.bz.it\/colophon-privacy\/"},"modified":"2019-01-22T16:08:15","modified_gmt":"2019-01-22T15:08:15","slug":"impressum-privacy","status":"publish","type":"page","link":"https:\/\/www.corradin.bz.it\/de\/impressum-privacy\/","title":{"rendered":"Impressum Privacy"},"content":{"rendered":"\n<style type=\"text\/css\" data-created_by=\"avia_inline_auto\" id=\"style-css-av-jr7vohq1-b6e51ef9c935dabb3af581a1cafcd653\">\n#top .av-special-heading.av-jr7vohq1-b6e51ef9c935dabb3af581a1cafcd653{\npadding-bottom:10px;\ncolor:#555555;\nfont-size:30px;\n}\nbody .av-special-heading.av-jr7vohq1-b6e51ef9c935dabb3af581a1cafcd653 .av-special-heading-tag .heading-char{\nfont-size:25px;\n}\n#top #wrap_all .av-special-heading.av-jr7vohq1-b6e51ef9c935dabb3af581a1cafcd653 .av-special-heading-tag{\nfont-size:30px;\n}\n.av-special-heading.av-jr7vohq1-b6e51ef9c935dabb3af581a1cafcd653 .special-heading-inner-border{\nborder-color:#555555;\n}\n.av-special-heading.av-jr7vohq1-b6e51ef9c935dabb3af581a1cafcd653 .av-subheading{\nfont-size:15px;\n}\n\n@media only screen and (min-width: 480px) and (max-width: 767px){ \n#top #wrap_all .av-special-heading.av-jr7vohq1-b6e51ef9c935dabb3af581a1cafcd653 .av-special-heading-tag{\nfont-size:0.8em;\n}\n}\n\n@media only screen and (max-width: 479px){ \n#top #wrap_all .av-special-heading.av-jr7vohq1-b6e51ef9c935dabb3af581a1cafcd653 .av-special-heading-tag{\nfont-size:0.8em;\n}\n}\n<\/style>\n<div  class='av-special-heading av-jr7vohq1-b6e51ef9c935dabb3af581a1cafcd653 av-special-heading-h1 custom-color-heading blockquote modern-quote  avia-builder-el-0  el_before_av_one_half  avia-builder-el-first  av-inherit-size'><h1 class='av-special-heading-tag '  itemprop=\"headline\"  >Impressum <span class='special_amp'>&amp;<\/span> Privacy<\/h1><div class=\"special-heading-border\"><div class=\"special-heading-inner-border\"><\/div><\/div><\/div>\n\n<style type=\"text\/css\" data-created_by=\"avia_inline_auto\" id=\"style-css-av-15dhd3-99d9788b627101135531688c39e428e5\">\n.flex_column.av-15dhd3-99d9788b627101135531688c39e428e5{\nborder-radius:0px 0px 0px 0px;\npadding:0px 0px 0px 0px;\n}\n<\/style>\n<div  class='flex_column av-15dhd3-99d9788b627101135531688c39e428e5 av_one_half  avia-builder-el-1  el_after_av_heading  el_before_av_one_half  first flex_column_div av-zero-column-padding  '     ><section  class='av_textblock_section av-xzccf-a97bf546587f24f600c9b45025614d03 '   itemscope=\"itemscope\" itemtype=\"https:\/\/schema.org\/CreativeWork\" ><div class='avia_textblock'  itemprop=\"text\" ><p><strong>Verantwortlich f\u00fcr den Inhalt:<br \/>\n<\/strong>Alessio Corradin<br \/>\nI-39012 MERAN (BZ) &#8211; Marlingerstr. 77<br \/>\nTel. +39 345 1512285<br \/>\nEmail: <a href=\"mailto:info@corradin.bz.it\">info[at]corradin.bz.it<\/a><br \/>\nSteuer-Nr.:\u00a0CRR LSS 88D08 F132H<br \/>\nMwSt.-Nr.: 02841420215<\/p>\n<\/div><\/section><\/div>\n<style type=\"text\/css\" data-created_by=\"avia_inline_auto\" id=\"style-css-av-ti0h3-d04c900ccb0c20a008dfefc475ba0372\">\n.flex_column.av-ti0h3-d04c900ccb0c20a008dfefc475ba0372{\nborder-radius:0px 0px 0px 0px;\npadding:0px 0px 0px 0px;\n}\n<\/style>\n<div  class='flex_column av-ti0h3-d04c900ccb0c20a008dfefc475ba0372 av_one_half  avia-builder-el-3  el_after_av_one_half  el_before_av_section  avia-builder-el-last  flex_column_div av-zero-column-padding  '     ><section  class='av_textblock_section av-lne3b-8bc335e9b55dfb364cd601b19cad9c80 '   itemscope=\"itemscope\" itemtype=\"https:\/\/schema.org\/CreativeWork\" ><div class='avia_textblock'  itemprop=\"text\" ><p><strong>Konzept &amp; Design:<\/strong><br \/>\nandale grafic ohg. d. Ortner A.\u00a0&amp; Duschek\u00a0P.<br \/>\nI-39012 MERAN (BZ)<br \/>\nPasseirergasse 2\/A<br \/>\nTel. +39 0473 690989<br \/>\nEmail: <a href=\"mailto:office@andale.info\">office[at]andale.info<\/a><br \/>\nWeb: <a href=\"http:\/\/www.andale.info\" target=\"_blank\" rel=\"noopener\">andale.info<\/a><\/p>\n<\/div><\/section><\/div><\/div><\/div><\/div><!-- close content main div --><\/div><\/div><div id='av_section_1'  class='avia-section av-clgan-9d0e5773de6290571012dfb0bace0d58 alternate_color avia-section-default avia-no-border-styling  avia-builder-el-5  el_after_av_one_half  avia-builder-el-last  avia-bg-style-scroll container_wrap fullsize'  ><div class='container av-section-cont-open' ><div class='template-page content  av-content-full alpha units'><div class='post-entry post-entry-type-page post-entry-536'><div class='entry-content-wrapper clearfix'>\n\n<style type=\"text\/css\" data-created_by=\"avia_inline_auto\" id=\"style-css-av-jhkix7i8-a8f01bd3882041d9267b722e01089d56\">\n.flex_column.av-jhkix7i8-a8f01bd3882041d9267b722e01089d56{\nborder-radius:0px 0px 0px 0px;\npadding:0px 0px 30px 0px;\n}\n<\/style>\n<div  class='flex_column av-jhkix7i8-a8f01bd3882041d9267b722e01089d56 av_one_full  avia-builder-el-6  el_before_av_textblock  avia-builder-el-first  first flex_column_div  '     ><style type=\"text\/css\" data-created_by=\"avia_inline_auto\" id=\"style-css-av-jhkiwyoq-b276bf8e84cf8b9bd19a05498bd40008\">\n.av_font_icon.av-jhkiwyoq-b276bf8e84cf8b9bd19a05498bd40008 .av-icon-char{\nfont-size:40px;\nline-height:40px;\nwidth:40px;\n}\n<\/style>\n<span  class='av_font_icon av-jhkiwyoq-b276bf8e84cf8b9bd19a05498bd40008 avia_animate_when_visible av-icon-style-border avia-icon-pos-left avia-iconfont avia-font-entypo-fontello av-no-color avia-icon-animate'><a href='https:\/\/www.corradin.bz.it\/wp-content\/uploads\/2019\/01\/corradin_Datenschutz-Aufklaerung_de.pdf'  target=\"_blank\"  rel=\"noopener noreferrer\"  class='av-icon-char' data-av_icon='\ue82d' data-av_iconfont='entypo-fontello' aria-hidden=\"false\" data-avia-icon-tooltip=\"&lt;br \/&gt;\nDATENSCHUTZ-AUFKL\u00c4RUNG&lt;br \/&gt;\nDOWNLOAD&lt;br \/&gt;\n\"><\/a><span class='av_icon_caption av-special-font'>DATENSCHUTZ-AUFKL\u00c4RUNG<br \/>\nDOWNLOAD<\/span><\/span><\/div>\n<style type=\"text\/css\" data-created_by=\"avia_inline_auto\" id=\"style-css-av-7al5j-f7025d97f5237391846667fea46f2b33\">\n#top .av_textblock_section.av-7al5j-f7025d97f5237391846667fea46f2b33 .avia_textblock{\nfont-size:15px;\n}\n<\/style>\n<section  class='av_textblock_section av-7al5j-f7025d97f5237391846667fea46f2b33 '   itemscope=\"itemscope\" itemtype=\"https:\/\/schema.org\/CreativeWork\" ><div class='avia_textblock'  itemprop=\"text\" ><p><strong>DATENSCHUTZ (PRIVACY):<\/strong><br \/>\nDer Schutz Ihrer pers\u00f6nlichen Daten ist uns ein besonderes Anliegen. Wir verarbeiten Ihre Daten daher ausschlie\u00dflich auf Grundlage der EU Datenschutz-Grundverordnung Nr. 679\/2016 (in der Folge, \u201eDSGVO\u201c). Die von Ihnen gelieferten Daten werden ausschlie\u00dflich f\u00fcr die Bearbeitung Ihrer Anfrage verwendet und werden nicht an Dritte weitergegeben. Wir distanzieren uns von jeglicher Spam-Werbung und sind stets bem\u00fcht, ungewollte und unn\u00f6tige Mails zu vermeiden.<\/p>\n<p><strong>INHABER DER DATENVERARBEITUNG:<\/strong><br \/>\nInhaber und Verwalter der Daten ist ALESSIO CORRADIN mit Sitz in Marlingerstr. 77, 39012 Meran, in der Person des gesetzlichen Vertreters.<\/p>\n<p><strong>AUSSCHLUSS DER VERANTWORTUNG:<\/strong><br \/>\nALESSIO CORRADIN ist nicht verantwortlich f\u00fcr die Verarbeitung von personenbezogenen Daten, welche an Dritte weitergeleitet wurden.<\/p>\n<p><strong>HAFTUNGSAUSSCHLUSS:<\/strong><br \/>\nALESSIO CORRADIN bem\u00fcht sich, nach bestem Verm\u00f6gen daf\u00fcr Sorge zu tragen, dass die in diesem Internetauftritt enthaltenen Informationen zutreffend sind. Eine Haftung oder Garantie f\u00fcr die Aktualit\u00e4t, Richtigkeit und Vollst\u00e4ndigkeit der zur Verf\u00fcgung gestellten Informationen ist jedoch ausgeschlossen. Ferner ist ALESSIO CORRADIN f\u00fcr den Inhalt der \u00fcber Hyperlink extern verbundenen Internetauftritte nicht verantwortlich. ALESSIO CORRADIN beh\u00e4lt sich vor, ohne Ank\u00fcndigung, \u00c4nderungen oder Erg\u00e4nzungen der bereitgestellten Informationen vorzunehmen.<\/p>\n<p><strong>COPYRIGHT:<\/strong><br \/>\nDas Layout der Homepage, die verwendeten Grafiken und Fotos, sowie die Inhalte des Internetauftritts des ALESSIO CORRADIN sind urheberrechtlich gesch\u00fctzt. Die Vervielf\u00e4ltigung von Informationen, insbesondere die Verwendung von Bildmaterial und Texten bedarf der vorherigen schriftlichen Genehmigung von ALESSIO CORRADIN.<\/p>\n<p><strong>BILDQUELLEN:<br \/>\n<\/strong>Icons: <a href=\"http:\/\/www.flaticon.com\/\" target=\"_blank\" rel=\"noopener\">Flaticon<\/a><\/p>\n<\/div><\/section>\n<\/p>\n","protected":false},"excerpt":{"rendered":"","protected":false},"author":1,"featured_media":470,"parent":0,"menu_order":0,"comment_status":"closed","ping_status":"closed","template":"","meta":{"footnotes":""},"class_list":["post-536","page","type-page","status-publish","has-post-thumbnail","hentry"],"yoast_head":"<!-- This site is optimized with the Yoast SEO plugin v27.6 - https:\/\/yoast.com\/product\/yoast-seo-wordpress\/ -->\n<title>Impressum Privacy - Corradin Alessio<\/title>\n<meta name=\"description\" content=\"Impressum Privacy: Alessio Corradin - I-39012 MERAN (BZ) - Marlingerstr. 77 - Tel. +39 345 1512285 - Email: info@corradin.bz.it - MwSt.-Nr.: 02841420215\" \/>\n<meta name=\"robots\" content=\"index, follow, max-snippet:-1, max-image-preview:large, max-video-preview:-1\" \/>\n<link rel=\"canonical\" href=\"https:\/\/www.corradin.bz.it\/de\/impressum-privacy\/\" \/>\n<meta property=\"og:locale\" content=\"de_DE\" \/>\n<meta property=\"og:type\" content=\"article\" \/>\n<meta property=\"og:title\" content=\"Impressum Privacy - Corradin Alessio\" \/>\n<meta property=\"og:description\" content=\"Impressum Privacy: Alessio Corradin - I-39012 MERAN (BZ) - Marlingerstr. 77 - Tel. +39 345 1512285 - Email: info@corradin.bz.it - MwSt.-Nr.: 02841420215\" \/>\n<meta property=\"og:url\" content=\"https:\/\/www.corradin.bz.it\/de\/impressum-privacy\/\" \/>\n<meta property=\"og:site_name\" content=\"Corradin Alessio\" \/>\n<meta property=\"article:modified_time\" content=\"2019-01-22T15:08:15+00:00\" \/>\n<meta property=\"og:image\" content=\"https:\/\/www.corradin.bz.it\/wp-content\/uploads\/2018\/12\/corradin-alessio_logo-impressum.png\" \/>\n\t<meta property=\"og:image:width\" content=\"1030\" \/>\n\t<meta property=\"og:image:height\" content=\"687\" \/>\n\t<meta property=\"og:image:type\" content=\"image\/png\" \/>\n<meta name=\"twitter:card\" content=\"summary_large_image\" \/>\n<meta name=\"twitter:label1\" content=\"Gesch\u00e4tzte Lesezeit\" \/>\n\t<meta name=\"twitter:data1\" content=\"4\u00a0Minuten\" \/>\n<script type=\"application\/ld+json\" class=\"yoast-schema-graph\">{\"@context\":\"https:\\\/\\\/schema.org\",\"@graph\":[{\"@type\":\"WebPage\",\"@id\":\"https:\\\/\\\/www.corradin.bz.it\\\/de\\\/impressum-privacy\\\/\",\"url\":\"https:\\\/\\\/www.corradin.bz.it\\\/de\\\/impressum-privacy\\\/\",\"name\":\"Impressum Privacy - Corradin Alessio\",\"isPartOf\":{\"@id\":\"https:\\\/\\\/www.corradin.bz.it\\\/#website\"},\"primaryImageOfPage\":{\"@id\":\"https:\\\/\\\/www.corradin.bz.it\\\/de\\\/impressum-privacy\\\/#primaryimage\"},\"image\":{\"@id\":\"https:\\\/\\\/www.corradin.bz.it\\\/de\\\/impressum-privacy\\\/#primaryimage\"},\"thumbnailUrl\":\"https:\\\/\\\/www.corradin.bz.it\\\/wp-content\\\/uploads\\\/2018\\\/12\\\/corradin-alessio_logo-impressum.png\",\"datePublished\":\"2018-12-17T08:30:01+00:00\",\"dateModified\":\"2019-01-22T15:08:15+00:00\",\"description\":\"Impressum Privacy: Alessio Corradin - I-39012 MERAN (BZ) - Marlingerstr. 77 - Tel. +39 345 1512285 - Email: info@corradin.bz.it - MwSt.-Nr.: 02841420215\",\"breadcrumb\":{\"@id\":\"https:\\\/\\\/www.corradin.bz.it\\\/de\\\/impressum-privacy\\\/#breadcrumb\"},\"inLanguage\":\"de\",\"potentialAction\":[{\"@type\":\"ReadAction\",\"target\":[\"https:\\\/\\\/www.corradin.bz.it\\\/de\\\/impressum-privacy\\\/\"]}]},{\"@type\":\"ImageObject\",\"inLanguage\":\"de\",\"@id\":\"https:\\\/\\\/www.corradin.bz.it\\\/de\\\/impressum-privacy\\\/#primaryimage\",\"url\":\"https:\\\/\\\/www.corradin.bz.it\\\/wp-content\\\/uploads\\\/2018\\\/12\\\/corradin-alessio_logo-impressum.png\",\"contentUrl\":\"https:\\\/\\\/www.corradin.bz.it\\\/wp-content\\\/uploads\\\/2018\\\/12\\\/corradin-alessio_logo-impressum.png\",\"width\":1030,\"height\":687,\"caption\":\"Bodenleger Wohnungseinrichtungen Meran impressum privacy\"},{\"@type\":\"BreadcrumbList\",\"@id\":\"https:\\\/\\\/www.corradin.bz.it\\\/de\\\/impressum-privacy\\\/#breadcrumb\",\"itemListElement\":[{\"@type\":\"ListItem\",\"position\":1,\"name\":\"Startseite\",\"item\":\"https:\\\/\\\/www.corradin.bz.it\\\/de\\\/bodenleger-wohnungseinrichtungen-meran\\\/\"},{\"@type\":\"ListItem\",\"position\":2,\"name\":\"Impressum Privacy\"}]},{\"@type\":\"WebSite\",\"@id\":\"https:\\\/\\\/www.corradin.bz.it\\\/#website\",\"url\":\"https:\\\/\\\/www.corradin.bz.it\\\/\",\"name\":\"Corradin Alessio\",\"description\":\"Bodenleger &amp; Wohnungseinrichtungen\",\"publisher\":{\"@id\":\"https:\\\/\\\/www.corradin.bz.it\\\/#organization\"},\"potentialAction\":[{\"@type\":\"SearchAction\",\"target\":{\"@type\":\"EntryPoint\",\"urlTemplate\":\"https:\\\/\\\/www.corradin.bz.it\\\/?s={search_term_string}\"},\"query-input\":{\"@type\":\"PropertyValueSpecification\",\"valueRequired\":true,\"valueName\":\"search_term_string\"}}],\"inLanguage\":\"de\"},{\"@type\":\"Organization\",\"@id\":\"https:\\\/\\\/www.corradin.bz.it\\\/#organization\",\"name\":\"Alessio Corradin\",\"url\":\"https:\\\/\\\/www.corradin.bz.it\\\/\",\"logo\":{\"@type\":\"ImageObject\",\"inLanguage\":\"de\",\"@id\":\"https:\\\/\\\/www.corradin.bz.it\\\/#\\\/schema\\\/logo\\\/image\\\/\",\"url\":\"https:\\\/\\\/www.corradin.bz.it\\\/wp-content\\\/uploads\\\/2018\\\/12\\\/corradin-alessio_logo-impressum.png\",\"contentUrl\":\"https:\\\/\\\/www.corradin.bz.it\\\/wp-content\\\/uploads\\\/2018\\\/12\\\/corradin-alessio_logo-impressum.png\",\"width\":1030,\"height\":687,\"caption\":\"Alessio Corradin\"},\"image\":{\"@id\":\"https:\\\/\\\/www.corradin.bz.it\\\/#\\\/schema\\\/logo\\\/image\\\/\"}}]}<\/script>\n<!-- \/ Yoast SEO plugin. -->","yoast_head_json":{"title":"Impressum Privacy - Corradin Alessio","description":"Impressum Privacy: Alessio Corradin - I-39012 MERAN (BZ) - Marlingerstr. 77 - Tel. +39 345 1512285 - Email: info@corradin.bz.it - MwSt.-Nr.: 02841420215","robots":{"index":"index","follow":"follow","max-snippet":"max-snippet:-1","max-image-preview":"max-image-preview:large","max-video-preview":"max-video-preview:-1"},"canonical":"https:\/\/www.corradin.bz.it\/de\/impressum-privacy\/","og_locale":"de_DE","og_type":"article","og_title":"Impressum Privacy - Corradin Alessio","og_description":"Impressum Privacy: Alessio Corradin - I-39012 MERAN (BZ) - Marlingerstr. 77 - Tel. +39 345 1512285 - Email: info@corradin.bz.it - MwSt.-Nr.: 02841420215","og_url":"https:\/\/www.corradin.bz.it\/de\/impressum-privacy\/","og_site_name":"Corradin Alessio","article_modified_time":"2019-01-22T15:08:15+00:00","og_image":[{"width":1030,"height":687,"url":"https:\/\/www.corradin.bz.it\/wp-content\/uploads\/2018\/12\/corradin-alessio_logo-impressum.png","type":"image\/png"}],"twitter_card":"summary_large_image","twitter_misc":{"Gesch\u00e4tzte Lesezeit":"4\u00a0Minuten"},"schema":{"@context":"https:\/\/schema.org","@graph":[{"@type":"WebPage","@id":"https:\/\/www.corradin.bz.it\/de\/impressum-privacy\/","url":"https:\/\/www.corradin.bz.it\/de\/impressum-privacy\/","name":"Impressum Privacy - Corradin Alessio","isPartOf":{"@id":"https:\/\/www.corradin.bz.it\/#website"},"primaryImageOfPage":{"@id":"https:\/\/www.corradin.bz.it\/de\/impressum-privacy\/#primaryimage"},"image":{"@id":"https:\/\/www.corradin.bz.it\/de\/impressum-privacy\/#primaryimage"},"thumbnailUrl":"https:\/\/www.corradin.bz.it\/wp-content\/uploads\/2018\/12\/corradin-alessio_logo-impressum.png","datePublished":"2018-12-17T08:30:01+00:00","dateModified":"2019-01-22T15:08:15+00:00","description":"Impressum Privacy: Alessio Corradin - I-39012 MERAN (BZ) - Marlingerstr. 77 - Tel. +39 345 1512285 - Email: info@corradin.bz.it - MwSt.-Nr.: 02841420215","breadcrumb":{"@id":"https:\/\/www.corradin.bz.it\/de\/impressum-privacy\/#breadcrumb"},"inLanguage":"de","potentialAction":[{"@type":"ReadAction","target":["https:\/\/www.corradin.bz.it\/de\/impressum-privacy\/"]}]},{"@type":"ImageObject","inLanguage":"de","@id":"https:\/\/www.corradin.bz.it\/de\/impressum-privacy\/#primaryimage","url":"https:\/\/www.corradin.bz.it\/wp-content\/uploads\/2018\/12\/corradin-alessio_logo-impressum.png","contentUrl":"https:\/\/www.corradin.bz.it\/wp-content\/uploads\/2018\/12\/corradin-alessio_logo-impressum.png","width":1030,"height":687,"caption":"Bodenleger Wohnungseinrichtungen Meran impressum privacy"},{"@type":"BreadcrumbList","@id":"https:\/\/www.corradin.bz.it\/de\/impressum-privacy\/#breadcrumb","itemListElement":[{"@type":"ListItem","position":1,"name":"Startseite","item":"https:\/\/www.corradin.bz.it\/de\/bodenleger-wohnungseinrichtungen-meran\/"},{"@type":"ListItem","position":2,"name":"Impressum Privacy"}]},{"@type":"WebSite","@id":"https:\/\/www.corradin.bz.it\/#website","url":"https:\/\/www.corradin.bz.it\/","name":"Corradin Alessio","description":"Bodenleger &amp; Wohnungseinrichtungen","publisher":{"@id":"https:\/\/www.corradin.bz.it\/#organization"},"potentialAction":[{"@type":"SearchAction","target":{"@type":"EntryPoint","urlTemplate":"https:\/\/www.corradin.bz.it\/?s={search_term_string}"},"query-input":{"@type":"PropertyValueSpecification","valueRequired":true,"valueName":"search_term_string"}}],"inLanguage":"de"},{"@type":"Organization","@id":"https:\/\/www.corradin.bz.it\/#organization","name":"Alessio Corradin","url":"https:\/\/www.corradin.bz.it\/","logo":{"@type":"ImageObject","inLanguage":"de","@id":"https:\/\/www.corradin.bz.it\/#\/schema\/logo\/image\/","url":"https:\/\/www.corradin.bz.it\/wp-content\/uploads\/2018\/12\/corradin-alessio_logo-impressum.png","contentUrl":"https:\/\/www.corradin.bz.it\/wp-content\/uploads\/2018\/12\/corradin-alessio_logo-impressum.png","width":1030,"height":687,"caption":"Alessio Corradin"},"image":{"@id":"https:\/\/www.corradin.bz.it\/#\/schema\/logo\/image\/"}}]}},"_links":{"self":[{"href":"https:\/\/www.corradin.bz.it\/de\/wp-json\/wp\/v2\/pages\/536","targetHints":{"allow":["GET"]}}],"collection":[{"href":"https:\/\/www.corradin.bz.it\/de\/wp-json\/wp\/v2\/pages"}],"about":[{"href":"https:\/\/www.corradin.bz.it\/de\/wp-json\/wp\/v2\/types\/page"}],"author":[{"embeddable":true,"href":"https:\/\/www.corradin.bz.it\/de\/wp-json\/wp\/v2\/users\/1"}],"replies":[{"embeddable":true,"href":"https:\/\/www.corradin.bz.it\/de\/wp-json\/wp\/v2\/comments?post=536"}],"version-history":[{"count":0,"href":"https:\/\/www.corradin.bz.it\/de\/wp-json\/wp\/v2\/pages\/536\/revisions"}],"wp:featuredmedia":[{"embeddable":true,"href":"https:\/\/www.corradin.bz.it\/de\/wp-json\/wp\/v2\/media\/470"}],"wp:attachment":[{"href":"https:\/\/www.corradin.bz.it\/de\/wp-json\/wp\/v2\/media?parent=536"}],"curies":[{"name":"wp","href":"https:\/\/api.w.org\/{rel}","templated":true}]}}